{"id":7668,"date":"2024-08-16T13:40:02","date_gmt":"2024-08-16T06:40:02","guid":{"rendered":"https:\/\/haypee.com\/?post_type=product&#038;p=7668"},"modified":"2026-01-23T00:22:34","modified_gmt":"2026-01-22T17:22:34","slug":"tutti-frutti-300-portionssnus","status":"publish","type":"product","link":"https:\/\/haypee.dev.geckodoit.com\/sv\/product\/tutti-frutti-300-portionssnus\/","title":{"rendered":"Yop Tutti Frutti 300"},"content":{"rendered":"<h2>Yop Tutti Frutti Snus &#8211; 300 portioner Fruity Mix<\/h2>\n<p>Dyk in i den livfulla v\u00e4rlden av Yop Tutti Frutti White Portion, ett premiumsnus som f\u00e5ngar den klassiska &#8221;tutti frutti&#8221;-smaken och kombinerar de uppfriskande smakerna av \u00e4pple, persika, hallon och citron.<br \/>\nVarje dosa \u00e4r en explosion av fruktig godhet, vilket g\u00f6r det till ett underbart val f\u00f6r dem som gillar en blandning av s\u00f6ta och syrliga smaker. <strong>Varf\u00f6r v\u00e4lja Yop Tutti Frutti 300 Snus?<\/strong><\/p>\n<ul>\n<li><strong><span style=\"text-decoration: underline;\">Fruktig smakexplosion:<\/span><\/strong> Njut av en uts\u00f6kt blandning av \u00e4pple, persika, hallon och citron i varje p\u00e5se.<\/li>\n<li><strong>Ekonomisk stor f\u00f6rpackning:<\/strong> Med 300 p\u00e5sar i ett paket \u00e4r det ett smart val f\u00f6r frekventa anv\u00e4ndare.<br \/>\nMed ett pris p\u00e5 under 75 baht per 25 p\u00e5sar \u00e4r det ocks\u00e5 budgetv\u00e4nligt!<\/li>\n<li><strong><span style=\"text-decoration: underline;\">Milj\u00f6v\u00e4nlig f\u00f6rpackning:<\/span><\/strong> Levereras med en GRATIS snusdosa i h\u00e5llbar plast som inneh\u00e5ller en beh\u00e5llare f\u00f6r anv\u00e4nda p\u00e5sar.<br \/>\nV\u00e4lj v\u00e5r BigPack Refill f\u00f6r att minska plastavfallet och spara mer!<\/li>\n<li><strong><span style=\"text-decoration: underline;\">Slimmad och l\u00e4ttviktig:<\/span><\/strong> Varje p\u00e5se m\u00e4ter 14 x 30 mm och v\u00e4ger 0,5 gram, vilket ger en tunn och bekv\u00e4m passform med en total nettovikt p\u00e5 150 gram.<\/li>\n<li><strong><span style=\"text-decoration: underline;\">Balanserat nikotininneh\u00e5ll:<\/span><\/strong> Varje p\u00e5se inneh\u00e5ller 13 mg\/g nikotin, perfekt f\u00f6r b\u00e5de nya och erfarna anv\u00e4ndare.<\/li>\n<li><strong><span style=\"text-decoration: underline;\">H\u00f6gkvalitativ produktion:<\/span><\/strong> Svensktillverkad i Thailand av Haypee, vilket garanterar h\u00f6gsta kvalitet och f\u00e4rskhet.<\/li>\n<li><strong><span style=\"text-decoration: underline;\">Optimal pH-balans:<\/span><\/strong> Med ett pH-v\u00e4rde p\u00e5 8,5 \u00e4r varje p\u00e5se utformad f\u00f6r att ge en smidig och tillfredsst\u00e4llande upplevelse.<\/li>\n<\/ul>\n","protected":false},"excerpt":{"rendered":"<p>K\u00f6p 1 p\u00e5se f\u00f6r 999 \u0e3f<br \/>\nK\u00f6p 2 f\u00f6r 1900 \u0e3f \u2013 950 \u0e3f\/styck<br \/>\nK\u00f6p 3 f\u00f6r 2700 \u0e3f \u2013 900 \u0e3f\/styck<br \/>\nFr\u00e5n 75 \u0e3f per 25 portioner<\/p>\n","protected":false},"featured_media":16117,"comment_status":"open","ping_status":"closed","template":"","meta":{"_themeisle_gutenberg_block_has_review":false},"product_brand":[119],"product_cat":[56],"product_tag":[],"class_list":{"0":"post-7668","1":"product","2":"type-product","3":"status-publish","4":"has-post-thumbnail","6":"product_brand-yop","7":"product_cat-bigpack-sv","9":"first","10":"instock","11":"taxable","12":"shipping-taxable","13":"product-type-simple"},"tiered_pricing_type":"fixed","tiered_pricing_fixed_rules":[],"tiered_pricing_product_settings":{"layout":"default","base_unit_name":{"singular":null,"plural":null},"default_variation":null},"tiered_pricing_minimum_quantity":null,"tiered_pricing_roles_data":[],"tiered_pricing_percentage_rules":[],"_links":{"self":[{"href":"https:\/\/haypee.dev.geckodoit.com\/sv\/wp-json\/wp\/v2\/product\/7668","targetHints":{"allow":["GET"]}}],"collection":[{"href":"https:\/\/haypee.dev.geckodoit.com\/sv\/wp-json\/wp\/v2\/product"}],"about":[{"href":"https:\/\/haypee.dev.geckodoit.com\/sv\/wp-json\/wp\/v2\/types\/product"}],"replies":[{"embeddable":true,"href":"https:\/\/haypee.dev.geckodoit.com\/sv\/wp-json\/wp\/v2\/comments?post=7668"}],"wp:featuredmedia":[{"embeddable":true,"href":"https:\/\/haypee.dev.geckodoit.com\/sv\/wp-json\/wp\/v2\/media\/16117"}],"wp:attachment":[{"href":"https:\/\/haypee.dev.geckodoit.com\/sv\/wp-json\/wp\/v2\/media?parent=7668"}],"wp:term":[{"taxonomy":"product_brand","embeddable":true,"href":"https:\/\/haypee.dev.geckodoit.com\/sv\/wp-json\/wp\/v2\/product_brand?post=7668"},{"taxonomy":"product_cat","embeddable":true,"href":"https:\/\/haypee.dev.geckodoit.com\/sv\/wp-json\/wp\/v2\/product_cat?post=7668"},{"taxonomy":"product_tag","embeddable":true,"href":"https:\/\/haypee.dev.geckodoit.com\/sv\/wp-json\/wp\/v2\/product_tag?post=7668"}],"curies":[{"name":"wp","href":"https:\/\/api.w.org\/{rel}","templated":true}]}}